{"id":1948,"date":"2017-04-14T05:48:08","date_gmt":"2017-04-14T05:48:08","guid":{"rendered":"http:\/\/pekom.hr\/?page_id=1948"},"modified":"2022-01-23T20:26:01","modified_gmt":"2022-01-23T20:26:01","slug":"pekarnica-hum-na-sutli","status":"publish","type":"page","link":"https:\/\/pekom.hr\/?page_id=1948","title":{"rendered":"Pekarnica Hum na Sutli"},"content":{"rendered":"<p>Poslovnica maloprodaje u centru Hum na Sutli, na adresi Hum na Sutli 159. U poslovnici mo\u017eete kupiti sasvim svje\u017ee pecivo ili kruh jer se pe\u010de u samoj poslovnici.<\/p>\n<p style=\"text-align: center;\">\u00a0<a href=\"https:\/\/pekom.hr\/wp-content\/uploads\/2022\/01\/190.png\"><img loading=\"lazy\" decoding=\"async\" class=\"aligncenter wp-image-2724 size-medium\" src=\"https:\/\/pekom.hr\/wp-content\/uploads\/2022\/01\/190-300x286.png\" alt=\"\" width=\"300\" height=\"286\" srcset=\"https:\/\/pekom.hr\/wp-content\/uploads\/2022\/01\/190-300x286.png 300w, https:\/\/pekom.hr\/wp-content\/uploads\/2022\/01\/190-768x733.png 768w, https:\/\/pekom.hr\/wp-content\/uploads\/2022\/01\/190-624x596.png 624w, https:\/\/pekom.hr\/wp-content\/uploads\/2022\/01\/190.png 906w\" sizes=\"auto, (max-width: 300px) 100vw, 300px\" \/><\/a><\/p>\n<pre style=\"text-align: center;\">e-mail: <a href=\"mailto:hum@pekom.hr\">hum@pekom.hr<\/a><\/pre>\n\n\t\t<style type=\"text\/css\">\n\t\t\t#gallery-1 {\n\t\t\t\tmargin: auto;\n\t\t\t}\n\t\t\t#gallery-1 .gallery-item {\n\t\t\t\tfloat: left;\n\t\t\t\tmargin-top: 10px;\n\t\t\t\ttext-align: center;\n\t\t\t\twidth: 33%;\n\t\t\t}\n\t\t\t#gallery-1 img {\n\t\t\t\tborder: 2px solid #cfcfcf;\n\t\t\t}\n\t\t\t#gallery-1 .gallery-caption {\n\t\t\t\tmargin-left: 0;\n\t\t\t}\n\t\t\t\/* see gallery_shortcode() in wp-includes\/media.php *\/\n\t\t<\/style>\n\t\t<div id='gallery-1' class='gallery galleryid-1948 gallery-columns-3 gallery-size-thumbnail'><dl class='gallery-item'>\n\t\t\t<dt class='gallery-icon portrait'>\n\t\t\t\t<a href='https:\/\/pekom.hr\/?attachment_id=1882'><img loading=\"lazy\" decoding=\"async\" width=\"150\" height=\"150\" src=\"https:\/\/pekom.hr\/wp-content\/uploads\/2017\/02\/IMAG5127-150x150.jpg\" class=\"attachment-thumbnail size-thumbnail\" alt=\"\" \/><\/a>\n\t\t\t<\/dt><\/dl><dl class='gallery-item'>\n\t\t\t<dt class='gallery-icon portrait'>\n\t\t\t\t<a href='https:\/\/pekom.hr\/?attachment_id=1891'><img loading=\"lazy\" decoding=\"async\" width=\"150\" height=\"150\" src=\"https:\/\/pekom.hr\/wp-content\/uploads\/2017\/02\/IMAG5158-150x150.jpg\" class=\"attachment-thumbnail size-thumbnail\" alt=\"\" \/><\/a>\n\t\t\t<\/dt><\/dl><dl class='gallery-item'>\n\t\t\t<dt class='gallery-icon landscape'>\n\t\t\t\t<a href='https:\/\/pekom.hr\/?attachment_id=1884'><img loading=\"lazy\" decoding=\"async\" width=\"150\" height=\"150\" src=\"https:\/\/pekom.hr\/wp-content\/uploads\/2017\/02\/IMAG5131-150x150.jpg\" class=\"attachment-thumbnail size-thumbnail\" alt=\"\" \/><\/a>\n\t\t\t<\/dt><\/dl><br style=\"clear: both\" \/><dl class='gallery-item'>\n\t\t\t<dt class='gallery-icon landscape'>\n\t\t\t\t<a href='https:\/\/pekom.hr\/?attachment_id=1883'><img loading=\"lazy\" decoding=\"async\" width=\"150\" height=\"150\" src=\"https:\/\/pekom.hr\/wp-content\/uploads\/2017\/02\/IMAG5130-150x150.jpg\" class=\"attachment-thumbnail size-thumbnail\" alt=\"\" \/><\/a>\n\t\t\t<\/dt><\/dl><dl class='gallery-item'>\n\t\t\t<dt class='gallery-icon landscape'>\n\t\t\t\t<a href='https:\/\/pekom.hr\/?attachment_id=1892'><img loading=\"lazy\" decoding=\"async\" width=\"150\" height=\"150\" src=\"https:\/\/pekom.hr\/wp-content\/uploads\/2017\/02\/IMAG5162-150x150.jpg\" class=\"attachment-thumbnail size-thumbnail\" alt=\"\" \/><\/a>\n\t\t\t<\/dt><\/dl><dl class='gallery-item'>\n\t\t\t<dt class='gallery-icon landscape'>\n\t\t\t\t<a href='https:\/\/pekom.hr\/?attachment_id=1887'><img loading=\"lazy\" decoding=\"async\" width=\"150\" height=\"150\" src=\"https:\/\/pekom.hr\/wp-content\/uploads\/2017\/02\/IMAG5145-150x150.jpg\" class=\"attachment-thumbnail size-thumbnail\" alt=\"\" \/><\/a>\n\t\t\t<\/dt><\/dl><br style=\"clear: both\" \/><dl class='gallery-item'>\n\t\t\t<dt class='gallery-icon landscape'>\n\t\t\t\t<a href='https:\/\/pekom.hr\/?attachment_id=1886'><img loading=\"lazy\" decoding=\"async\" width=\"150\" height=\"150\" src=\"https:\/\/pekom.hr\/wp-content\/uploads\/2017\/02\/IMAG5143-150x150.jpg\" class=\"attachment-thumbnail size-thumbnail\" alt=\"\" \/><\/a>\n\t\t\t<\/dt><\/dl><dl class='gallery-item'>\n\t\t\t<dt class='gallery-icon landscape'>\n\t\t\t\t<a href='https:\/\/pekom.hr\/?attachment_id=1889'><img loading=\"lazy\" decoding=\"async\" width=\"150\" height=\"150\" src=\"https:\/\/pekom.hr\/wp-content\/uploads\/2017\/02\/IMAG5153-150x150.jpg\" class=\"attachment-thumbnail size-thumbnail\" alt=\"\" \/><\/a>\n\t\t\t<\/dt><\/dl><dl class='gallery-item'>\n\t\t\t<dt class='gallery-icon landscape'>\n\t\t\t\t<a href='https:\/\/pekom.hr\/?attachment_id=1888'><img loading=\"lazy\" decoding=\"async\" width=\"150\" height=\"150\" src=\"https:\/\/pekom.hr\/wp-content\/uploads\/2017\/02\/IMAG5148-150x150.jpg\" class=\"attachment-thumbnail size-thumbnail\" alt=\"\" \/><\/a>\n\t\t\t<\/dt><\/dl><br style=\"clear: both\" \/><dl class='gallery-item'>\n\t\t\t<dt class='gallery-icon landscape'>\n\t\t\t\t<a href='https:\/\/pekom.hr\/?attachment_id=1894'><img loading=\"lazy\" decoding=\"async\" width=\"150\" height=\"150\" src=\"https:\/\/pekom.hr\/wp-content\/uploads\/2017\/02\/IMAG5167-150x150.jpg\" class=\"attachment-thumbnail size-thumbnail\" alt=\"\" \/><\/a>\n\t\t\t<\/dt><\/dl><dl class='gallery-item'>\n\t\t\t<dt class='gallery-icon landscape'>\n\t\t\t\t<a href='https:\/\/pekom.hr\/?attachment_id=1893'><img loading=\"lazy\" decoding=\"async\" width=\"150\" height=\"150\" src=\"https:\/\/pekom.hr\/wp-content\/uploads\/2017\/02\/IMAG5166-150x150.jpg\" class=\"attachment-thumbnail size-thumbnail\" alt=\"\" \/><\/a>\n\t\t\t<\/dt><\/dl>\n\t\t\t<br style='clear: both' \/>\n\t\t<\/div>\n\n","protected":false},"excerpt":{"rendered":"<p>Poslovnica maloprodaje u centru Hum na Sutli, na adresi Hum na Sutli 159. U poslovnici mo\u017eete kupiti sasvim svje\u017ee pecivo ili kruh jer se pe\u010de u samoj poslovnici. \u00a0 e-mail: hum@pekom.hr<\/p>\n","protected":false},"author":1,"featured_media":0,"parent":20,"menu_order":0,"comment_status":"closed","ping_status":"closed","template":"","meta":{"footnotes":""},"class_list":["post-1948","page","type-page","status-publish","hentry"],"_links":{"self":[{"href":"https:\/\/pekom.hr\/index.php?rest_route=\/wp\/v2\/pages\/1948","targetHints":{"allow":["GET"]}}],"collection":[{"href":"https:\/\/pekom.hr\/index.php?rest_route=\/wp\/v2\/pages"}],"about":[{"href":"https:\/\/pekom.hr\/index.php?rest_route=\/wp\/v2\/types\/page"}],"author":[{"embeddable":true,"href":"https:\/\/pekom.hr\/index.php?rest_route=\/wp\/v2\/users\/1"}],"replies":[{"embeddable":true,"href":"https:\/\/pekom.hr\/index.php?rest_route=%2Fwp%2Fv2%2Fcomments&post=1948"}],"version-history":[{"count":8,"href":"https:\/\/pekom.hr\/index.php?rest_route=\/wp\/v2\/pages\/1948\/revisions"}],"predecessor-version":[{"id":2729,"href":"https:\/\/pekom.hr\/index.php?rest_route=\/wp\/v2\/pages\/1948\/revisions\/2729"}],"up":[{"embeddable":true,"href":"https:\/\/pekom.hr\/index.php?rest_route=\/wp\/v2\/pages\/20"}],"wp:attachment":[{"href":"https:\/\/pekom.hr\/index.php?rest_route=%2Fwp%2Fv2%2Fmedia&parent=1948"}],"curies":[{"name":"wp","href":"https:\/\/api.w.org\/{rel}","templated":true}]}}