{"id":2536,"date":"2018-05-25T12:29:50","date_gmt":"2018-05-25T12:29:50","guid":{"rendered":"http:\/\/pekom.hr\/?page_id=2536"},"modified":"2018-05-25T12:38:42","modified_gmt":"2018-05-25T12:38:42","slug":"zastita-osobnih-podataka","status":"publish","type":"page","link":"https:\/\/pekom.hr\/?page_id=2536","title":{"rendered":"ZA\u0160TITA OSOBNIH PODATAKA"},"content":{"rendered":"<p><img loading=\"lazy\" decoding=\"async\" class=\"alignnone wp-image-539\" src=\"http:\/\/pekom.hr\/wp-content\/uploads\/2015\/02\/pekom_logo.png\" alt=\"pekom_logo\" width=\"150\" height=\"100\" \/><\/p>\n<hr \/>\n<p style=\"text-align: center;\"><strong>Za\u0161tita osobnih podataka<\/strong><\/p>\n<p>Pravo na za\u0161titu osobnih podataka regulirano je Uredbom EU 2016\/679 Europskog parlamenta i Vije\u0107a od 27. travnja 2016. o za\u0161titi pojedinaca u vezi s obradom osobnih podataka i o slobodnom kretanju takvih podataka (Op\u0107a uredba o za\u0161titi podataka), Zakonom o provedbi Op\u0107e uredbe o za\u0161titi podataka (NN 42\/2018) i ostalim primjenjivim propisima u Republici Hrvatskoj.<\/p>\n<p>PEKOM d.o.o. obra\u0111uje osobne podatke u skladu s odredbama svih relevantnih propisa, prikuplja i obra\u0111uje samo osnovne osobne podatke o korisnicima koji su nu\u017eni za izvr\u0161avanje zakonskih obveza odnosno ispunjavanja zadataka koje izvr\u0161ava u javnom interesu, te se obvezuje za\u0161tititi osobne podatke svih sada\u0161njih i budu\u0107ih korisnika sukladno Zakonu.<\/p>\n<p>Svi osobni podaci korisnika na\u0161ih usluga strogo se \u010duvaju i dostupni su samo radnicima kojima su potrebni za obavljanje svakodnevnih radnih zadataka, a koji su u obvezi \u010duvati njihovu tajnost.<\/p>\n<p>PEKOM d.o.o. se obvezuje da ne\u0107e bez izravne suglasnosti dati osobne podatke korisnika tre\u0107im stranama, osim u slu\u010dajevima gdje je to potrebno radi obavljanja poslova u okviru zakonom utvr\u0111ene djelatnosti primatelja.<\/p>\n<p>Va\u0161i osobni podaci ne prikupljaju se pregledavanjem na\u0161e slu\u017ebene web stranice.<\/p>\n<p>Sva pitanja u vezi s obradom osobnih podataka, eventualne pritu\u017ebe, zahtjeve za brisanje, a\u017euriranje i ispravak osobnih podataka mo\u017eete uputiti na\u0161em slu\u017ebeniku za za\u0161titu osobnih podataka.<\/p>\n<p>Slu\u017ebenik za za\u0161titu osobnih podataka vodi brigu o zakonitosti obrade osobnih podataka i ostvarivanju prava na za\u0161titu osobnih podataka. Du\u017enosti slu\u017ebenika za za\u0161titu osobnih podataka propisane su Zakonom.<\/p>\n<p><strong>Kontakt podaci Slu\u017ebenika za za\u0161titu osobnih podataka:<\/strong><\/p>\n<p>Emina Vuljanko<\/p>\n<p>Ivana Rendi\u0107a 13, 49000 Krapina<\/p>\n<p>telefon: <a href=\"tel: 049 370 513\">049 370 513<\/a><\/p>\n<p>e-mail:\u00a0<a href=\"mailto:emina.vuljanko@pekom.hr\">emina.vuljanko@pekom.hr<\/a><\/p>\n<p><strong>Pravilnik o za\u0161titi, prikupljanju, obradi i kori\u0161tenju osobnih podataka<\/strong> <a href=\"http:\/\/pekom.hr\/wp-content\/uploads\/2018\/05\/PEKOM_Pravilnik_GDPR.pdf\" target=\"_blank\" rel=\"noopener\">(link)<\/a><\/p>\n<p><strong>Preuzmite dokumente:<\/strong><\/p>\n<ul>\n<li>Zahtjev za pristup podacima\u00a0<a href=\"http:\/\/pekom.hr\/wp-content\/uploads\/2018\/05\/PEKOM_Zahtjev korisnika za pristup podacima.docx\" target=\"_blank\" rel=\"noopener\">(link)<\/a><\/li>\n<li>Zahtjev za ispravak podataka\u00a0<a href=\"http:\/\/pekom.hr\/wp-content\/uploads\/2018\/05\/PEKOM_Zahtjev korisnika za ispravak podataka.docx\" target=\"_blank\" rel=\"noopener\">(link)<\/a><\/li>\n<\/ul>\n<p>&nbsp;<\/p>\n","protected":false},"excerpt":{"rendered":"<p>Za\u0161tita osobnih podataka Pravo na za\u0161titu osobnih podataka regulirano je Uredbom EU 2016\/679 Europskog parlamenta i Vije\u0107a od 27. travnja 2016. o za\u0161titi pojedinaca u vezi s obradom osobnih podataka i o slobodnom kretanju takvih podataka (Op\u0107a uredba o za\u0161titi podataka), Zakonom o provedbi Op\u0107e uredbe o za\u0161titi podataka (NN 42\/2018) i ostalim primjenjivim propisima [&hellip;]<\/p>\n","protected":false},"author":1,"featured_media":0,"parent":22,"menu_order":0,"comment_status":"closed","ping_status":"closed","template":"","meta":{"footnotes":""},"class_list":["post-2536","page","type-page","status-publish","hentry"],"_links":{"self":[{"href":"https:\/\/pekom.hr\/index.php?rest_route=\/wp\/v2\/pages\/2536","targetHints":{"allow":["GET"]}}],"collection":[{"href":"https:\/\/pekom.hr\/index.php?rest_route=\/wp\/v2\/pages"}],"about":[{"href":"https:\/\/pekom.hr\/index.php?rest_route=\/wp\/v2\/types\/page"}],"author":[{"embeddable":true,"href":"https:\/\/pekom.hr\/index.php?rest_route=\/wp\/v2\/users\/1"}],"replies":[{"embeddable":true,"href":"https:\/\/pekom.hr\/index.php?rest_route=%2Fwp%2Fv2%2Fcomments&post=2536"}],"version-history":[{"count":3,"href":"https:\/\/pekom.hr\/index.php?rest_route=\/wp\/v2\/pages\/2536\/revisions"}],"predecessor-version":[{"id":2541,"href":"https:\/\/pekom.hr\/index.php?rest_route=\/wp\/v2\/pages\/2536\/revisions\/2541"}],"up":[{"embeddable":true,"href":"https:\/\/pekom.hr\/index.php?rest_route=\/wp\/v2\/pages\/22"}],"wp:attachment":[{"href":"https:\/\/pekom.hr\/index.php?rest_route=%2Fwp%2Fv2%2Fmedia&parent=2536"}],"curies":[{"name":"wp","href":"https:\/\/api.w.org\/{rel}","templated":true}]}}