{"id":431,"date":"2015-02-05T11:26:10","date_gmt":"2015-02-05T11:26:10","guid":{"rendered":"http:\/\/pekom.hr\/wordpress\/?page_id=431"},"modified":"2015-11-12T06:43:39","modified_gmt":"2015-11-12T06:43:39","slug":"katalog-proizvoda","status":"publish","type":"page","link":"https:\/\/pekom.hr\/?page_id=431","title":{"rendered":"Katalog proizvoda"},"content":{"rendered":"<p><img loading=\"lazy\" decoding=\"async\" class=\"alignnone wp-image-539\" src=\"http:\/\/pekom.hr\/wp-content\/uploads\/2015\/02\/pekom_logo.png\" alt=\"pekom_logo\" width=\"150\" height=\"100\" \/><\/p>\n<hr \/>\n<h1><span style=\"color: #db7318;\"><strong><span style=\"color: #471e05;\">Va\u0161<\/span> <span class=\"green\" style=\"color: #d15a0a;\">zdravi <\/span><span style=\"color: #471e05;\">izvor energije<\/span><\/strong><\/span><\/h1>\n<p>Moderno vrijeme name\u0107e nam odre\u0111eni na\u010din \u017eivota &#8211; tempo je br\u017ei nego ikad prije, stres i manjak slobodnog vremena na\u0161a su svakodnevica.<\/p>\n<p>Hraniti se zdravo postaje sve ve\u0107i izazov. Osnovu na\u0161e dnevne prehrane trebaju sa\u010dinjavati \u017eitarice i proizvodi od \u017eitarica kao va\u017ean izvor energije za ljudski organizam. \u017ditarice su nepresu\u0161an izvor kompleksnih ugljikohidrata, vitamina, minerala, imaju nizak sadr\u017eaj kolesterola, bogate su esencijalnim masnim kiselinama, a zbog visokog sadr\u017eaja vlakana povoljno utje\u010du na probavu, detoksikaciju i izmjenu tvari u organizmu.<\/p>\n<p>Na\u0161a vizija je proizvoditi proizvode najvi\u0161e kvalitete zbog \u010dega veliki dio na\u0161ih proizvoda proizvodimo na tradicionalan na\u010din, a ne iz raznih smjesa i koncentrata.<\/p>\n<p>Tamno bra\u0161no, a posebno bra\u0161no od cjelovitog zrna, bogato je vlaknima, mineralima i vitaminima. Upravo zato je neophodno konzumirati pekarske proizvode od takvog tipa bra\u0161na.<\/p>\n<p>Pekom misli na Vas i Va\u0161e zdravlje \u0161irokom paletom proizvoda od tamnog i integralnog bra\u0161na, oboga\u0107enih sjemenkama lana, suncokreta, sezama.<\/p>\n<p>Sigurni smo da \u0107ete iz na\u0161e raznolike\u00a0palete proizvoda prona\u0107i ne\u0161to za sebe.<\/p>\n<p><img loading=\"lazy\" decoding=\"async\" class=\" wp-image-936 size-large aligncenter\" src=\"http:\/\/pekom.hr\/wp-content\/uploads\/2015\/02\/Slika1_pekom-1024x499.jpg\" alt=\"Slika1_pekom\" width=\"625\" height=\"305\" srcset=\"https:\/\/pekom.hr\/wp-content\/uploads\/2015\/02\/Slika1_pekom-1024x499.jpg 1024w, https:\/\/pekom.hr\/wp-content\/uploads\/2015\/02\/Slika1_pekom-300x146.jpg 300w, https:\/\/pekom.hr\/wp-content\/uploads\/2015\/02\/Slika1_pekom-624x304.jpg 624w, https:\/\/pekom.hr\/wp-content\/uploads\/2015\/02\/Slika1_pekom.jpg 1308w\" sizes=\"auto, (max-width: 625px) 100vw, 625px\" \/><\/p>\n<h2 style=\"text-align: center;\"><span style=\"color: #471e05;\"><strong>Izaberite svoj omiljeni kruh ili pecivo i zapo\u010dnite dan uz <span style=\"color: #d15a0a;\">zdravi<\/span> izvor energije iz Pekoma!<\/strong><\/span><\/h2>\n<p><em>\u00a0<\/em><\/p>\n<h2 style=\"text-align: center;\"><\/h2>\n","protected":false},"excerpt":{"rendered":"<p>Va\u0161 zdravi izvor energije Moderno vrijeme name\u0107e nam odre\u0111eni na\u010din \u017eivota &#8211; tempo je br\u017ei nego ikad prije, stres i manjak slobodnog vremena na\u0161a su svakodnevica. Hraniti se zdravo postaje sve ve\u0107i izazov. Osnovu na\u0161e dnevne prehrane trebaju sa\u010dinjavati \u017eitarice i proizvodi od \u017eitarica kao va\u017ean izvor energije za ljudski organizam. \u017ditarice su nepresu\u0161an izvor [&hellip;]<\/p>\n","protected":false},"author":1,"featured_media":0,"parent":0,"menu_order":0,"comment_status":"open","ping_status":"open","template":"","meta":{"footnotes":""},"class_list":["post-431","page","type-page","status-publish","hentry"],"_links":{"self":[{"href":"https:\/\/pekom.hr\/index.php?rest_route=\/wp\/v2\/pages\/431","targetHints":{"allow":["GET"]}}],"collection":[{"href":"https:\/\/pekom.hr\/index.php?rest_route=\/wp\/v2\/pages"}],"about":[{"href":"https:\/\/pekom.hr\/index.php?rest_route=\/wp\/v2\/types\/page"}],"author":[{"embeddable":true,"href":"https:\/\/pekom.hr\/index.php?rest_route=\/wp\/v2\/users\/1"}],"replies":[{"embeddable":true,"href":"https:\/\/pekom.hr\/index.php?rest_route=%2Fwp%2Fv2%2Fcomments&post=431"}],"version-history":[{"count":21,"href":"https:\/\/pekom.hr\/index.php?rest_route=\/wp\/v2\/pages\/431\/revisions"}],"predecessor-version":[{"id":1270,"href":"https:\/\/pekom.hr\/index.php?rest_route=\/wp\/v2\/pages\/431\/revisions\/1270"}],"wp:attachment":[{"href":"https:\/\/pekom.hr\/index.php?rest_route=%2Fwp%2Fv2%2Fmedia&parent=431"}],"curies":[{"name":"wp","href":"https:\/\/api.w.org\/{rel}","templated":true}]}}