{"id":471,"date":"2015-02-06T10:45:03","date_gmt":"2015-02-06T10:45:03","guid":{"rendered":"http:\/\/pekom.hr\/wordpress\/?page_id=471"},"modified":"2023-08-17T05:35:55","modified_gmt":"2023-08-17T05:35:55","slug":"gradska-pekara","status":"publish","type":"page","link":"https:\/\/pekom.hr\/?page_id=471","title":{"rendered":"Gradska Pekarnica"},"content":{"rendered":"<p>Poslovnica maloprodaje u centru grada Krapine, u Magistratskoj 2. U poslovnici mo\u017eete kupiti sasvim svje\u017ee pecivo ili kruh jer se pe\u010de u samoj poslovnici.<\/p>\n<p style=\"text-align: center;\">\u00a0<a href=\"https:\/\/pekom.hr\/wp-content\/uploads\/2023\/08\/gradska_pekarnica1.png\"><img loading=\"lazy\" decoding=\"async\" class=\"aligncenter wp-image-2753 size-medium\" src=\"https:\/\/pekom.hr\/wp-content\/uploads\/2023\/08\/gradska_pekarnica1-300x282.png\" alt=\"\" width=\"300\" height=\"282\" srcset=\"https:\/\/pekom.hr\/wp-content\/uploads\/2023\/08\/gradska_pekarnica1-300x282.png 300w, https:\/\/pekom.hr\/wp-content\/uploads\/2023\/08\/gradska_pekarnica1-768x721.png 768w, https:\/\/pekom.hr\/wp-content\/uploads\/2023\/08\/gradska_pekarnica1-624x586.png 624w, https:\/\/pekom.hr\/wp-content\/uploads\/2023\/08\/gradska_pekarnica1.png 911w\" sizes=\"auto, (max-width: 300px) 100vw, 300px\" \/><\/a><\/p>\n<pre style=\"text-align: center;\">e-mail: <a href=\"mailto:gradska_pekara@pekom.hr\">gradska_pekara@pekom.hr<\/a><\/pre>\n","protected":false},"excerpt":{"rendered":"<p>Poslovnica maloprodaje u centru grada Krapine, u Magistratskoj 2. U poslovnici mo\u017eete kupiti sasvim svje\u017ee pecivo ili kruh jer se pe\u010de u samoj poslovnici. \u00a0 e-mail: gradska_pekara@pekom.hr<\/p>\n","protected":false},"author":1,"featured_media":0,"parent":20,"menu_order":0,"comment_status":"open","ping_status":"open","template":"","meta":{"footnotes":""},"class_list":["post-471","page","type-page","status-publish","hentry"],"_links":{"self":[{"href":"https:\/\/pekom.hr\/index.php?rest_route=\/wp\/v2\/pages\/471","targetHints":{"allow":["GET"]}}],"collection":[{"href":"https:\/\/pekom.hr\/index.php?rest_route=\/wp\/v2\/pages"}],"about":[{"href":"https:\/\/pekom.hr\/index.php?rest_route=\/wp\/v2\/types\/page"}],"author":[{"embeddable":true,"href":"https:\/\/pekom.hr\/index.php?rest_route=\/wp\/v2\/users\/1"}],"replies":[{"embeddable":true,"href":"https:\/\/pekom.hr\/index.php?rest_route=%2Fwp%2Fv2%2Fcomments&post=471"}],"version-history":[{"count":20,"href":"https:\/\/pekom.hr\/index.php?rest_route=\/wp\/v2\/pages\/471\/revisions"}],"predecessor-version":[{"id":2754,"href":"https:\/\/pekom.hr\/index.php?rest_route=\/wp\/v2\/pages\/471\/revisions\/2754"}],"up":[{"embeddable":true,"href":"https:\/\/pekom.hr\/index.php?rest_route=\/wp\/v2\/pages\/20"}],"wp:attachment":[{"href":"https:\/\/pekom.hr\/index.php?rest_route=%2Fwp%2Fv2%2Fmedia&parent=471"}],"curies":[{"name":"wp","href":"https:\/\/api.w.org\/{rel}","templated":true}]}}